{"id":6952,"date":"2026-02-10T00:52:50","date_gmt":"2026-02-10T05:52:50","guid":{"rendered":"https:\/\/www.domesticgourmet.com\/product\/box-set-gourmet-nacional-edicion-pasteles\/"},"modified":"2026-02-10T00:52:50","modified_gmt":"2026-02-10T05:52:50","slug":"box-set-gourmet-nacional-edicion-pasteles","status":"publish","type":"product","link":"https:\/\/www.domesticgourmet.com\/es\/product\/box-set-gourmet-nacional-edicion-pasteles\/","title":{"rendered":"Box Set Gourmet Nacional: Edici\u00f3n Pasteles"},"content":{"rendered":"<p data-start=\"163\" data-end=\"429\"><strong>\u00a1Sabor latino y la tradici\u00f3n!<\/strong><\/p>\n<p data-start=\"163\" data-end=\"429\">Descubra el alma de la cocina latina con esta caja gourmet todo en uno. Es un homenaje a la herencia, al sabor artesanal y al arte culinario de hacer pasteles. Este juego de lujo combina elementos esenciales de la despensa con herramientas artesanales para mejorar cada plato desde la preparaci\u00f3n hasta la presentaci\u00f3n.  <\/p>\n<p data-start=\"431\" data-end=\"835\">En el interior, encontrar\u00e1 el tr\u00edo de condimentos hechos desde cero caracter\u00edsticos de Domestic Gourmet:<\/p>\n<ul>\n<li data-start=\"431\" data-end=\"835\"><strong data-start=\"511\" data-end=\"534\">Aceite de achiote org\u00e1nico<\/strong>: rico, dorado y terroso, perfecto para arroz, guisos y adobos.<\/li>\n<li data-start=\"431\" data-end=\"835\"><strong data-start=\"610\" data-end=\"627\">Saz\u00f3n org\u00e1nico<\/strong>: una mezcla vibrante y limpia sin aditivos artificiales, solo un sabor audaz y con mucho cuerpo.<\/li>\n<li data-start=\"431\" data-end=\"835\"><strong data-start=\"720\" data-end=\"737\">Adobo org\u00e1nico<\/strong>: profundamente arraigado en la tradici\u00f3n, este condimento multiusos aporta una intensidad equilibrada a cada bocado.<\/li>\n<\/ul>\n<p>Pero eso no es todo: hemos agregado las herramientas de preparaci\u00f3n esenciales para elaborar platos latinos tradicionales:<\/p>\n<ul>\n<li><strong data-start=\"937\" data-end=\"970\">1 libra de papel para pasteles de primera calidad<\/strong> y <strong data-start=\"975\" data-end=\"1015\">800 pies de hilo de carnicero 100 % algod\u00f3n,<\/strong> ideal para hacer pasteles, hallacas, tamales y m\u00e1s.<\/li>\n<\/ul>\n<p data-start=\"1075\" data-end=\"1254\">Ya sea que est\u00e9 cocinando para una ocasi\u00f3n especial o una cena entre semana, este paquete cuidadosamente seleccionado aporta autenticidad cultural, ingredientes de calidad e integridad artesanal a su cocina.<\/p>\n<p data-start=\"1256\" data-end=\"1432\">Esta caja no es s\u00f3lo un paquete: es una celebraci\u00f3n de la familia, la comida y la tradici\u00f3n.<\/p>\n","protected":false},"excerpt":{"rendered":"<p><strong data-start=\"995\" data-end=\"1067\">Aporta el aut\u00e9ntico sabor latino a tu cocina, cucharada a cucharada, con ingredientes preparados en casa.<\/strong><\/p>\n","protected":false},"featured_media":6787,"comment_status":"open","ping_status":"closed","template":"","meta":{"wprm-recipe-roundup-name":"","wprm-recipe-roundup-description":""},"product_brand":[],"product_cat":[1061,1579,1503],"product_tag":[],"class_list":{"0":"post-6952","1":"product","2":"type-product","3":"status-publish","4":"has-post-thumbnail","6":"product_cat-aceites","7":"product_cat-bateria-de-cocina","8":"product_cat-especias","10":"first","11":"instock","12":"taxable","13":"shipping-taxable","14":"purchasable","15":"product-type-simple"},"aioseo_notices":[],"_links":{"self":[{"href":"https:\/\/www.domesticgourmet.com\/es\/wp-json\/wp\/v2\/product\/6952","targetHints":{"allow":["GET"]}}],"collection":[{"href":"https:\/\/www.domesticgourmet.com\/es\/wp-json\/wp\/v2\/product"}],"about":[{"href":"https:\/\/www.domesticgourmet.com\/es\/wp-json\/wp\/v2\/types\/product"}],"replies":[{"embeddable":true,"href":"https:\/\/www.domesticgourmet.com\/es\/wp-json\/wp\/v2\/comments?post=6952"}],"wp:featuredmedia":[{"embeddable":true,"href":"https:\/\/www.domesticgourmet.com\/es\/wp-json\/wp\/v2\/media\/6787"}],"wp:attachment":[{"href":"https:\/\/www.domesticgourmet.com\/es\/wp-json\/wp\/v2\/media?parent=6952"}],"wp:term":[{"taxonomy":"product_brand","embeddable":true,"href":"https:\/\/www.domesticgourmet.com\/es\/wp-json\/wp\/v2\/product_brand?post=6952"},{"taxonomy":"product_cat","embeddable":true,"href":"https:\/\/www.domesticgourmet.com\/es\/wp-json\/wp\/v2\/product_cat?post=6952"},{"taxonomy":"product_tag","embeddable":true,"href":"https:\/\/www.domesticgourmet.com\/es\/wp-json\/wp\/v2\/product_tag?post=6952"}],"curies":[{"name":"wp","href":"https:\/\/api.w.org\/{rel}","templated":true}]}}