{"id":6849,"date":"2026-01-18T10:06:10","date_gmt":"2026-01-18T15:06:10","guid":{"rendered":"https:\/\/www.domesticgourmet.com\/product\/domestic-gourmet-caja-de-regalo\/"},"modified":"2026-01-18T10:06:10","modified_gmt":"2026-01-18T15:06:10","slug":"domestic-gourmet-caja-de-regalo","status":"publish","type":"product","link":"https:\/\/www.domesticgourmet.com\/es\/product\/domestic-gourmet-caja-de-regalo\/","title":{"rendered":"Domestic Gourmet Caja de Regalo"},"content":{"rendered":"<p data-start=\"0\" data-end=\"72\"><strong data-start=\"0\" data-end=\"72\">Domestic Gourmet Caja de Regalo &#8211; Sabor latino hecho desde cero<\/strong><\/p>\n<p data-start=\"74\" data-end=\"387\">Descubre la esencia de la cocina latina con este set de productos artesanales de la chef Ciji Castro, que incluye tres ingredientes b\u00e1sicos hechos a mano y con mucho amor: aceite de achiote org\u00e1nico, saz\u00f3n y adobo. Mezclados cuidadosamente en peque\u00f1as cantidades con ingredientes org\u00e1nicos de primera calidad, cada producto aporta un sabor intenso y aut\u00e9ntico directamente a tu cocina. <\/p>\n<p data-start=\"389\" data-end=\"521\">\ud83c\udf3f Aceite de achiote org\u00e1nico: Un aceite rico y dorado con un sabor terroso y un color vibrante. Perfecto para arroces, guisos y adobos. <\/p>\n<p data-start=\"523\" data-end=\"655\">Saz\u00f3n Org\u00e1nico: Una mezcla de especias latinas caracter\u00edstica, reinventada con ingredientes org\u00e1nicos y naturales. Sin colorantes ni conservantes artificiales, solo un sabor intenso y aut\u00e9ntico. <\/p>\n<p data-start=\"657\" data-end=\"784\">Adobo Org\u00e1nico: Intenso, equilibrado y profundamente arraigado en la tradici\u00f3n: la mezcla multiusos ideal que realza cualquier plato.<\/p>\n<p data-start=\"786\" data-end=\"993\">La chef Ciji cree que el sabor debe ser intencional, arraigado en la tradici\u00f3n y elaborado con esmero. Este set no es solo un conjunto de productos, sino una carta de amor para los amantes de la comida latina que valoran la calidad, la tradici\u00f3n y el bienestar. <\/p>\n<p data-start=\"995\" data-end=\"1067\"><strong data-start=\"995\" data-end=\"1067\">Aporta cultura a tu cocina, una cucharada casera a la vez.<\/strong><\/p>\n","protected":false},"excerpt":{"rendered":"<p><strong data-start=\"995\" data-end=\"1067\">Aporta el aut\u00e9ntico sabor latino a tu cocina, cucharada a cucharada, con ingredientes preparados en casa.<\/strong><\/p>\n","protected":false},"featured_media":5998,"comment_status":"open","ping_status":"closed","template":"","meta":{"wprm-recipe-roundup-name":"","wprm-recipe-roundup-description":""},"product_brand":[],"product_cat":[1061,1503],"product_tag":[],"class_list":{"0":"post-6849","1":"product","2":"type-product","3":"status-publish","4":"has-post-thumbnail","6":"product_cat-aceites","7":"product_cat-especias","9":"first","10":"instock","11":"taxable","12":"shipping-taxable","13":"purchasable","14":"product-type-simple"},"aioseo_notices":[],"_links":{"self":[{"href":"https:\/\/www.domesticgourmet.com\/es\/wp-json\/wp\/v2\/product\/6849","targetHints":{"allow":["GET"]}}],"collection":[{"href":"https:\/\/www.domesticgourmet.com\/es\/wp-json\/wp\/v2\/product"}],"about":[{"href":"https:\/\/www.domesticgourmet.com\/es\/wp-json\/wp\/v2\/types\/product"}],"replies":[{"embeddable":true,"href":"https:\/\/www.domesticgourmet.com\/es\/wp-json\/wp\/v2\/comments?post=6849"}],"wp:featuredmedia":[{"embeddable":true,"href":"https:\/\/www.domesticgourmet.com\/es\/wp-json\/wp\/v2\/media\/5998"}],"wp:attachment":[{"href":"https:\/\/www.domesticgourmet.com\/es\/wp-json\/wp\/v2\/media?parent=6849"}],"wp:term":[{"taxonomy":"product_brand","embeddable":true,"href":"https:\/\/www.domesticgourmet.com\/es\/wp-json\/wp\/v2\/product_brand?post=6849"},{"taxonomy":"product_cat","embeddable":true,"href":"https:\/\/www.domesticgourmet.com\/es\/wp-json\/wp\/v2\/product_cat?post=6849"},{"taxonomy":"product_tag","embeddable":true,"href":"https:\/\/www.domesticgourmet.com\/es\/wp-json\/wp\/v2\/product_tag?post=6849"}],"curies":[{"name":"wp","href":"https:\/\/api.w.org\/{rel}","templated":true}]}}