{"id":5939,"date":"2025-10-18T21:12:51","date_gmt":"2025-10-19T02:12:51","guid":{"rendered":"https:\/\/www.domesticgourmet.com\/product\/caja-regalo-reina-de-noche-buena\/"},"modified":"2025-10-21T13:09:58","modified_gmt":"2025-10-21T18:09:58","slug":"caja-regalo-reina-de-noche-buena","status":"publish","type":"product","link":"https:\/\/www.domesticgourmet.com\/es\/product\/caja-regalo-reina-de-noche-buena\/","title":{"rendered":"Caja regalo Reina de Noche Buena"},"content":{"rendered":"<p data-start=\"173\" data-end=\"411\">Honra la tradici\u00f3n y el sabor con la <strong data-start=\"245\" data-end=\"278\">Caja de Regalo Reina de la Noche<\/strong> Buena, una hermosa colecci\u00f3n de productos <strong data-start=\"317\" data-end=\"337\">Domestic Gourmet<\/strong> creados para el coraz\u00f3n de todas las mesas navide\u00f1as latinoamericanas.<\/p>\n<p data-start=\"413\" data-end=\"781\">Esta caja regalo incluye <a href=\"https:\/\/www.domesticgourmet.com\/es\/product\/aceite-de-achiote-ecologico\/\"><strong data-start=\"436\" data-end=\"459\">Aceite de achiote ecol\u00f3gico<\/strong><\/a>, <a href=\"https:\/\/www.domesticgourmet.com\/es\/product\/adobo-ecologico-domestic-gourmet\/\"><strong data-start=\"461\" data-end=\"478\">Adobo Ecol\u00f3gico<\/strong><\/a>y <a href=\"https:\/\/www.domesticgourmet.com\/es\/product\/sazon-ecologico-gourmet-domestico\/\"><strong data-start=\"484\" data-end=\"501\">Saz\u00f3n ecol\u00f3gico<\/strong><\/a>cada uno de ellos elaborado a partir de ingredientes frescos y ecol\u00f3gicos, <strong data-start=\"558\" data-end=\"599\">sin conservantes ni colorantes artificiales<\/strong>. Juntos, aportan el aroma, el color y el sabor aut\u00e9nticos que definen el fest\u00edn de <em data-start=\"676\" data-end=\"689\">Noche<\/em> Buena, desde la carne de cerdo perfectamente sazonada hasta el arroz con gandules y los pasteles hechos con amor. <\/p>\n<p data-start=\"783\" data-end=\"1028\">Esta caja, cuidadosamente empaquetada y llena de herencia, es el regalo perfecto para el chef casero, el anfitri\u00f3n de las fiestas o cualquiera que celebre los sabores que unen a la familia. Celebra la cultura, el sabor y la tradici\u00f3n al estilo Domestic Gourmet. <\/p>\n","protected":false},"excerpt":{"rendered":"<p>Celebra la tradici\u00f3n con la Caja Regalo Reina de la Noche Buena &#8211; Aceite de Achiote Org\u00e1nico, Adobo Org\u00e1nico y Saz\u00f3n Org\u00e1nico para una aut\u00e9ntica fiesta latinoamericana<\/p>\n","protected":false},"featured_media":5998,"comment_status":"open","ping_status":"closed","template":"","meta":{"wprm-recipe-roundup-name":"","wprm-recipe-roundup-description":""},"product_brand":[],"product_cat":[1061,1503],"product_tag":[],"class_list":{"0":"post-5939","1":"product","2":"type-product","3":"status-publish","4":"has-post-thumbnail","6":"product_cat-aceites","7":"product_cat-especias","9":"first","10":"instock","11":"taxable","12":"shipping-taxable","13":"purchasable","14":"product-type-simple"},"aioseo_notices":[],"_links":{"self":[{"href":"https:\/\/www.domesticgourmet.com\/es\/wp-json\/wp\/v2\/product\/5939","targetHints":{"allow":["GET"]}}],"collection":[{"href":"https:\/\/www.domesticgourmet.com\/es\/wp-json\/wp\/v2\/product"}],"about":[{"href":"https:\/\/www.domesticgourmet.com\/es\/wp-json\/wp\/v2\/types\/product"}],"replies":[{"embeddable":true,"href":"https:\/\/www.domesticgourmet.com\/es\/wp-json\/wp\/v2\/comments?post=5939"}],"wp:featuredmedia":[{"embeddable":true,"href":"https:\/\/www.domesticgourmet.com\/es\/wp-json\/wp\/v2\/media\/5998"}],"wp:attachment":[{"href":"https:\/\/www.domesticgourmet.com\/es\/wp-json\/wp\/v2\/media?parent=5939"}],"wp:term":[{"taxonomy":"product_brand","embeddable":true,"href":"https:\/\/www.domesticgourmet.com\/es\/wp-json\/wp\/v2\/product_brand?post=5939"},{"taxonomy":"product_cat","embeddable":true,"href":"https:\/\/www.domesticgourmet.com\/es\/wp-json\/wp\/v2\/product_cat?post=5939"},{"taxonomy":"product_tag","embeddable":true,"href":"https:\/\/www.domesticgourmet.com\/es\/wp-json\/wp\/v2\/product_tag?post=5939"}],"curies":[{"name":"wp","href":"https:\/\/api.w.org\/{rel}","templated":true}]}}