{"id":5937,"date":"2025-10-18T20:57:38","date_gmt":"2025-10-19T01:57:38","guid":{"rendered":"https:\/\/www.domesticgourmet.com\/product\/adobo-ecologico-domestic-gourmet\/"},"modified":"2025-12-28T15:35:47","modified_gmt":"2025-12-28T20:35:47","slug":"adobo-ecologico-domestic-gourmet","status":"publish","type":"product","link":"https:\/\/www.domesticgourmet.com\/es\/product\/adobo-ecologico-domestic-gourmet\/","title":{"rendered":"Adobo org\u00e1nico Domestic Gourmet"},"content":{"rendered":"<p style=\"text-align: center;\" data-start=\"89\" data-end=\"354\"><strong>Adobo, arraigado en la tradici\u00f3n. Hecho de forma artesanal. <\/strong><\/p>\n<p data-start=\"296\" data-end=\"497\">Desbloquea el coraz\u00f3n y el alma de la cocina latinoamericana con el Adobo Ecol\u00f3gico <a href=\"http:\/\/www.domesticgourmet.com\">Domestic Gourmet<\/a>, un condimento multiusos elaborado con verduras, hierbas y especias 100% ecol\u00f3gicas que honran a generaciones de cocineros caseros.<\/p>\n<p data-start=\"499\" data-end=\"705\">Cada recipiente es un tributo al sabor aut\u00e9ntico: hecho a mano, deshidratado lentamente y sin concesiones. Desde ajo y cebolla hasta comino y or\u00e9gano, esta mezcla no s\u00f3lo sazona tu comida&#8230; sino que cuenta tu historia. <\/p>\n<p data-start=\"707\" data-end=\"765\">\u00bfPor qu\u00e9 conformarse con lo artificial cuando la tradici\u00f3n sabe tan bien?<\/p>\n<p data-start=\"767\" data-end=\"836\">\u2728 Sin conservantes. Sin rellenos. S\u00f3lo amor, cultura y sabor limpio.  <\/p>\n<p data-start=\"838\" data-end=\"923\">Ahora disponible en l\u00ednea para quienes sazonan con prop\u00f3sito.<\/p>\n<p data-start=\"640\" data-end=\"844\">Ingredientes: sal, ajo ecol\u00f3gico, cebolla ecol\u00f3gica, c\u00farcuma ecol\u00f3gica, comino ecol\u00f3gico, or\u00e9gano ecol\u00f3gico, pimienta negra ecol\u00f3gica<\/p>\n<p data-start=\"640\" data-end=\"844\">Peso neto 5 oz <\/p>\n","protected":false},"excerpt":{"rendered":"<p>Un homenaje al aut\u00e9ntico sabor latino: hecho a partir de productos frescos, deshidratado lentamente y sin concesiones.<\/p>\n","protected":false},"featured_media":6191,"comment_status":"open","ping_status":"closed","template":"","meta":{"wprm-recipe-roundup-name":"","wprm-recipe-roundup-description":""},"product_brand":[],"product_cat":[1503],"product_tag":[],"class_list":{"0":"post-5937","1":"product","2":"type-product","3":"status-publish","4":"has-post-thumbnail","6":"product_cat-especias","8":"first","9":"instock","10":"taxable","11":"shipping-taxable","12":"purchasable","13":"product-type-simple"},"aioseo_notices":[],"_links":{"self":[{"href":"https:\/\/www.domesticgourmet.com\/es\/wp-json\/wp\/v2\/product\/5937","targetHints":{"allow":["GET"]}}],"collection":[{"href":"https:\/\/www.domesticgourmet.com\/es\/wp-json\/wp\/v2\/product"}],"about":[{"href":"https:\/\/www.domesticgourmet.com\/es\/wp-json\/wp\/v2\/types\/product"}],"replies":[{"embeddable":true,"href":"https:\/\/www.domesticgourmet.com\/es\/wp-json\/wp\/v2\/comments?post=5937"}],"wp:featuredmedia":[{"embeddable":true,"href":"https:\/\/www.domesticgourmet.com\/es\/wp-json\/wp\/v2\/media\/6191"}],"wp:attachment":[{"href":"https:\/\/www.domesticgourmet.com\/es\/wp-json\/wp\/v2\/media?parent=5937"}],"wp:term":[{"taxonomy":"product_brand","embeddable":true,"href":"https:\/\/www.domesticgourmet.com\/es\/wp-json\/wp\/v2\/product_brand?post=5937"},{"taxonomy":"product_cat","embeddable":true,"href":"https:\/\/www.domesticgourmet.com\/es\/wp-json\/wp\/v2\/product_cat?post=5937"},{"taxonomy":"product_tag","embeddable":true,"href":"https:\/\/www.domesticgourmet.com\/es\/wp-json\/wp\/v2\/product_tag?post=5937"}],"curies":[{"name":"wp","href":"https:\/\/api.w.org\/{rel}","templated":true}]}}