{"id":5935,"date":"2025-10-18T20:27:27","date_gmt":"2025-10-19T01:27:27","guid":{"rendered":"https:\/\/www.domesticgourmet.com\/product\/sazon-ecologico-gourmet-domestico\/"},"modified":"2025-12-28T15:38:34","modified_gmt":"2025-12-28T20:38:34","slug":"sazon-ecologico-gourmet-domestico","status":"publish","type":"product","link":"https:\/\/www.domesticgourmet.com\/es\/product\/sazon-ecologico-gourmet-domestico\/","title":{"rendered":"Saz\u00f3n Org\u00e1nico Gourmet Dom\u00e9stico"},"content":{"rendered":"<h2 style=\"text-align: center;\" data-start=\"522\" data-end=\"848\">Color, Cultura y Comodidad en Cada Pizca.<\/h2>\n<p data-start=\"297\" data-end=\"518\">Lleva el alma de Latinoam\u00e9rica a tu cocina con <strong data-start=\"362\" data-end=\"396\">el Saz\u00f3n Org\u00e1nico <a href=\"http:\/\/www.domesticgourmet.com\">Domestic Gourmet<\/a><\/strong>, una mezcla artesanal elaborada con ingredientes frescos y ecol\u00f3gicos, deshidratados lentamente en su punto \u00f3ptimo para conservar cada nota vibrante.<\/p>\n<p data-start=\"520\" data-end=\"669\">Sin conservantes. Sin colorantes artificiales. S\u00f3lo el rico matiz del achiote, las c\u00e1lidas especias y la cari\u00f1osa esencia de la cocina casera transmitida de generaci\u00f3n en generaci\u00f3n.  <\/p>\n<p data-start=\"671\" data-end=\"779\">Elaborado con esmero para dar sabor a arroces, alubias, guisos y carnes&#8230; esto no es s\u00f3lo saz\u00f3n, son tus ra\u00edces en un tarro.<\/p>\n<p data-start=\"781\" data-end=\"880\">\u2728 Ingredientes 100% ecol\u00f3gicos<br data-start=\"795\" data-end=\"798\">\u2728 Hecho en peque\u00f1os lotes<br data-start=\"829\" data-end=\"832\">\u2728 Hecho con coraz\u00f3n, para hogares que cocinan con amor<\/p>\n<p data-start=\"522\" data-end=\"848\">Peso neto 2oz <\/p>\n","protected":false},"excerpt":{"rendered":"<p>Echo con mucho <em>amor<\/em> utilizando <strong>productos ecol\u00f3gicos frescos<\/strong> deshidratados lentamente y mezclados en los sabores <em>ic\u00f3nicos<\/em> que conoces y amas.<\/p>\n","protected":false},"featured_media":6307,"comment_status":"open","ping_status":"closed","template":"","meta":{"wprm-recipe-roundup-name":"","wprm-recipe-roundup-description":""},"product_brand":[],"product_cat":[1503],"product_tag":[],"class_list":{"0":"post-5935","1":"product","2":"type-product","3":"status-publish","4":"has-post-thumbnail","6":"product_cat-especias","8":"first","9":"instock","10":"taxable","11":"shipping-taxable","12":"purchasable","13":"product-type-simple"},"aioseo_notices":[],"_links":{"self":[{"href":"https:\/\/www.domesticgourmet.com\/es\/wp-json\/wp\/v2\/product\/5935","targetHints":{"allow":["GET"]}}],"collection":[{"href":"https:\/\/www.domesticgourmet.com\/es\/wp-json\/wp\/v2\/product"}],"about":[{"href":"https:\/\/www.domesticgourmet.com\/es\/wp-json\/wp\/v2\/types\/product"}],"replies":[{"embeddable":true,"href":"https:\/\/www.domesticgourmet.com\/es\/wp-json\/wp\/v2\/comments?post=5935"}],"wp:featuredmedia":[{"embeddable":true,"href":"https:\/\/www.domesticgourmet.com\/es\/wp-json\/wp\/v2\/media\/6307"}],"wp:attachment":[{"href":"https:\/\/www.domesticgourmet.com\/es\/wp-json\/wp\/v2\/media?parent=5935"}],"wp:term":[{"taxonomy":"product_brand","embeddable":true,"href":"https:\/\/www.domesticgourmet.com\/es\/wp-json\/wp\/v2\/product_brand?post=5935"},{"taxonomy":"product_cat","embeddable":true,"href":"https:\/\/www.domesticgourmet.com\/es\/wp-json\/wp\/v2\/product_cat?post=5935"},{"taxonomy":"product_tag","embeddable":true,"href":"https:\/\/www.domesticgourmet.com\/es\/wp-json\/wp\/v2\/product_tag?post=5935"}],"curies":[{"name":"wp","href":"https:\/\/api.w.org\/{rel}","templated":true}]}}