{"id":5929,"date":"2025-10-18T20:15:27","date_gmt":"2025-10-19T01:15:27","guid":{"rendered":"https:\/\/www.domesticgourmet.com\/product\/queen-of-noche-buena-gift-box-pasteles-edition\/"},"modified":"2025-12-28T15:50:55","modified_gmt":"2025-12-28T20:50:55","slug":"queen-of-noche-buena-gift-box-pasteles-edition","status":"publish","type":"product","link":"https:\/\/www.domesticgourmet.com\/es\/product\/queen-of-noche-buena-gift-box-pasteles-edition\/","title":{"rendered":"Caja Regalo Reina de Nochebuena (Edici\u00f3n Pasteles)"},"content":{"rendered":"<p data-start=\"112\" data-end=\"414\">Celebra el esp\u00edritu de la Nochebuena con el homenaje definitivo a la tradici\u00f3n puertorrique\u00f1a. La caja de regalo Reina de la Nochebuena &#8211; Edici\u00f3n Pasteles ha sido cuidadosamente dise\u00f1ada para quienes aprecian el arte de preparar y compartir <a href=\"https:\/\/www.domesticgourmet.com\/es\/como-hacer-pasteles-puertorriquenos\/\">pasteles<\/a>, el alma de toda mesa navide\u00f1a. <\/p>\n<p data-start=\"416\" data-end=\"832\">En el interior, encontrar\u00e1s <a href=\"https:\/\/www.domesticgourmet.com\/es\/product\/aceite-de-achiote-ecologico\/\">Aceite de achiote ecol\u00f3gico Domestic Gourmet<\/a>, <strong data-start=\"436\" data-end=\"476\"><a href=\"https:\/\/www.domesticgourmet.com\/es\/product\/adobo-ecologico-domestic-gourmet\/\">Adobo ecol\u00f3gico<\/a><\/strong> y <a href=\"https:\/\/www.domesticgourmet.com\/es\/product\/sazon-ecologico-gourmet-domestico\/\">Saz\u00f3n ecol\u00f3gico:<\/a> condimentos hechos a mano con productos ecol\u00f3gicos frescos y cuidadosamente deshidratados, que aportan un sabor aut\u00e9ntico a cada bocado. Para completar tu experiencia pastelera, la caja tambi\u00e9n incluye<a href=\"https:\/\/www.domesticgourmet.com\/es\/product\/hilo-para-pasteles-cordel-de-carnicero\/\"> <strong data-start=\"478\" data-end=\"495\">papel para pasteles<\/strong> y hilo para pasteles<\/a>, para que puedas envolver y atar cada pastel con el mismo cuidado transmitido de generaci\u00f3n en generaci\u00f3n. <\/p>\n<p data-start=\"834\" data-end=\"1066\">Perfecta para regalar o para disfrutar en la cena familiar, esta caja de edici\u00f3n limitada captura la calidez, el sabor y la tradici\u00f3n de la Nochebuena, con un empaquetado precioso y lista para inspirar al cocinero que reina en la cocina durante las fiestas.<\/p>\n","protected":false},"excerpt":{"rendered":"<p>Un set completo que incluye aceite de achiote org\u00e1nico, adobo org\u00e1nico, saz\u00f3n org\u00e1nico, papel para envolver pasteles y cordel de algod\u00f3n 100%.<\/p>\n","protected":false},"featured_media":6787,"comment_status":"open","ping_status":"closed","template":"","meta":{"wprm-recipe-roundup-name":"","wprm-recipe-roundup-description":""},"product_brand":[],"product_cat":[1061,1579,1503],"product_tag":[],"class_list":{"0":"post-5929","1":"product","2":"type-product","3":"status-publish","4":"has-post-thumbnail","6":"product_cat-aceites","7":"product_cat-bateria-de-cocina","8":"product_cat-especias","10":"first","11":"instock","12":"taxable","13":"shipping-taxable","14":"purchasable","15":"product-type-simple"},"aioseo_notices":[],"_links":{"self":[{"href":"https:\/\/www.domesticgourmet.com\/es\/wp-json\/wp\/v2\/product\/5929","targetHints":{"allow":["GET"]}}],"collection":[{"href":"https:\/\/www.domesticgourmet.com\/es\/wp-json\/wp\/v2\/product"}],"about":[{"href":"https:\/\/www.domesticgourmet.com\/es\/wp-json\/wp\/v2\/types\/product"}],"replies":[{"embeddable":true,"href":"https:\/\/www.domesticgourmet.com\/es\/wp-json\/wp\/v2\/comments?post=5929"}],"wp:featuredmedia":[{"embeddable":true,"href":"https:\/\/www.domesticgourmet.com\/es\/wp-json\/wp\/v2\/media\/6787"}],"wp:attachment":[{"href":"https:\/\/www.domesticgourmet.com\/es\/wp-json\/wp\/v2\/media?parent=5929"}],"wp:term":[{"taxonomy":"product_brand","embeddable":true,"href":"https:\/\/www.domesticgourmet.com\/es\/wp-json\/wp\/v2\/product_brand?post=5929"},{"taxonomy":"product_cat","embeddable":true,"href":"https:\/\/www.domesticgourmet.com\/es\/wp-json\/wp\/v2\/product_cat?post=5929"},{"taxonomy":"product_tag","embeddable":true,"href":"https:\/\/www.domesticgourmet.com\/es\/wp-json\/wp\/v2\/product_tag?post=5929"}],"curies":[{"name":"wp","href":"https:\/\/api.w.org\/{rel}","templated":true}]}}