{"id":4666,"date":"2020-03-27T03:08:11","date_gmt":"2020-03-27T08:08:11","guid":{"rendered":"https:\/\/www.domesticgourmet.com\/que-es-el-aceite-de-achiote\/"},"modified":"2025-06-19T09:26:51","modified_gmt":"2025-06-19T14:26:51","slug":"que-es-el-aceite-de-achiote","status":"publish","type":"page","link":"https:\/\/www.domesticgourmet.com\/es\/que-es-el-aceite-de-achiote\/","title":{"rendered":"Qu\u00e9 es el aceite de achiote"},"content":{"rendered":"\n<div class=\"wp-block-cover alignfull is-light has-parallax\" style=\"min-height:733px;aspect-ratio:unset;\"><div role=\"img\" aria-label=\"Domestic Gourmet Organic Annatto Oil (Aceite de Achiote)\" class=\"wp-block-cover__image-background wp-image-4447 size-full has-parallax\" style=\"background-position:50% 50%;background-image:url(https:\/\/www.domesticgourmet.com\/wp-content\/smush-webp\/2025\/05\/annatto-oil-scaled.jpg.webp)\"><\/div><span aria-hidden=\"true\" class=\"wp-block-cover__background has-black-background-color has-background-dim-10 has-background-dim\"><\/span><div class=\"wp-block-cover__inner-container is-layout-flow wp-block-cover-is-layout-flow\">\n<h1 class=\"wp-block-heading has-text-align-center\"><strong><mark class=\"has-inline-color has-white-color\">Preguntas frecuentes<\/mark><\/strong><\/h1>\n\n\n\n<p class=\"has-text-align-center has-white-color has-text-color has-link-color wp-elements-3c0faaabc6ab1efecefa6a4410d7806c\">Has preguntado todo sobre <a href=\"https:\/\/www.domesticgourmet.com\/es\/product\/aceite-de-achiote-ecologico\/\" target=\"_blank\" rel=\"noopener\" title=\"\">el aceite de achiote<\/a>,<strong> \u00a1y te he respondido!<\/strong><\/p>\n<\/div><\/div>\n\n<div class=\"wp-block-columns alignwide is-layout-flex wp-container-core-columns-is-layout-9d6595d7 wp-block-columns-is-layout-flex\">\n<div class=\"wp-block-column is-layout-flow wp-block-column-is-layout-flow\">\n<div class=\"wp-block-loftocean-shortcode-accordions lo-accordions accordions title-currentcolor\" data-open-default=\"0\">\n<div class=\"accordion-item\"><div class=\"accordion-title\"><span class=\"accordion-icon\"><\/span><span class=\"title\">What is Annatto Oil (<a href=\"https:\/\/www.domesticgourmet.com\/es\/product\/aceite-de-achiote-ecologico\/\" target=\"_blank\" rel=\"noopener\" title=\"\">Aceite de Achiote<\/a>)?<\/span><\/div><div class=\"accordion-content\">\n<p><a href=\"https:\/\/www.domesticgourmet.com\/es\/product\/aceite-de-achiote-ecologico\/\" target=\"_blank\" rel=\"noopener\" title=\"\">El aceite de achiote<\/a> es un aceite de infusi\u00f3n de color rojo dorado elaborado con <strong>semillas de achiote<\/strong> (del \u00e1rbol de achiote), conocidas por su <strong>color natural y su sutil sabor terroso<\/strong>. Muy utilizado en todo el mundo, a\u00f1ade calidez y profundidad a los platos sin sobrecargarlos. <\/p>\n<\/div><\/div>\n\n\n\n<div class=\"accordion-item\"><div class=\"accordion-title\"><span class=\"accordion-icon\"><\/span><span class=\"title\">How do I use Annatto Oil (<a href=\"https:\/\/www.domesticgourmet.com\/es\/product\/aceite-de-achiote-ecologico\/\" target=\"_blank\" rel=\"noopener\" title=\"\">Aceite de Achiote<\/a>) in cooking?<\/span><\/div><div class=\"accordion-content\">\n<p>Util\u00edzalo como cualquier otro aceite neutro. \u00a1Es incre\u00edblemente vers\u00e1til! Puedes  <\/p>\n\n\n\n<ul class=\"wp-block-list\">\n<li>Saltea <a href=\"https:\/\/www.domesticgourmet.com\/es\/ensalada-de-pasta-caprese-con-vinagreta-de-sofrito\/\" target=\"_blank\" rel=\"noopener\" title=\"\">gambas<\/a>, verduras o <a href=\"https:\/\/www.domesticgourmet.com\/es\/como-hacer-sofrito-puertorriqueno\/\" target=\"_blank\" rel=\"noopener\" title=\"\">sofrito<\/a><\/li>\n\n\n\n<li>Util\u00edzalo como base para <a href=\"https:\/\/www.domesticgourmet.com\/es\/how-to-make-healing-arroz-con-gandules-a-latin-comfort-food-with-benefits\/\" target=\"_blank\" rel=\"noopener\" title=\"\">arroz<\/a>, alubias, <a href=\"https:\/\/www.domesticgourmet.com\/es\/picadillo-puertorriqueno-facil-y-rapido\/\" target=\"_blank\" rel=\"noopener\" title=\"\">picadillo<\/a>, <a href=\"https:\/\/www.domesticgourmet.com\/es\/sopa-de-pollo-con-fideos\/\" target=\"_blank\" rel=\"noopener\" title=\"\">sopa<\/a> o guisos<\/li>\n\n\n\n<li>Debido a su alto punto de humo, es ideal para marinar y asar a la parrilla<\/li>\n\n\n\n<li>Roc\u00edalo sobre verduras asadas o <a href=\"https:\/\/www.domesticgourmet.com\/es\/ensalada-de-pasta-caprese-con-vinagreta-de-sofrito\/\" target=\"_blank\" rel=\"noopener\" title=\"\">pasta<\/a><\/li>\n\n\n\n<li>A\u00f1\u00e1delo a vinagretas y <a href=\"https:\/\/www.domesticgourmet.com\/es\/un-almuerzo-muy-especial-de-la-huerta-con-vinagreta-de-aceite-de-achiote\/\" target=\"_blank\" rel=\"noopener\" title=\"\">ali\u00f1os<\/a> para <a href=\"https:\/\/www.domesticgourmet.com\/es\/ensalada-de-habichuelas-con-sofrito-perfecta-para-el-verano\/\" target=\"_blank\" rel=\"noopener\" title=\"\">ensaladas<\/a><\/li>\n\n\n\n<li>Util\u00edzalo en reposter\u00eda para obtener un colorante natural o una profundidad salada<\/li>\n<\/ul>\n\n\n\n<p>\ud83d\udc49 <em>Consejo profesional:<\/em> Sustituye tu aceite neutro habitual por <a href=\"https:\/\/www.domesticgourmet.com\/es\/product\/aceite-de-achiote-ecologico\/\" target=\"_blank\" rel=\"noopener\" title=\"\">aceite de achiote<\/a> en cualquier plato para conseguir una mejora limpia y vibrante.<\/p>\n<\/div><\/div>\n\n\n\n<div class=\"accordion-item\"><div class=\"accordion-title\"><span class=\"accordion-icon\"><\/span><span class=\"title\">Where does Annatto come from?<\/span><\/div><div class=\"accordion-content\">\n<p><span style=\"margin: 0px;padding: 0px\">Las semillas de achiote proceden <strong>del \u00e1rbol del achiote,<\/strong> originario de Am\u00e9rica Central y del Sur, el Caribe y la India.<\/span> Las semillas se han utilizado <strong>internacionalmente<\/strong> durante <strong>siglos en<\/strong> <strong>m\u00e9todos<\/strong> <strong>culinarios tradicionales<\/strong>, tintes naturales e incluso pintura corporal ceremonial.<\/p>\n<\/div><\/div>\n\n\n\n<div class=\"accordion-item\"><div class=\"accordion-title\"><span class=\"accordion-icon\"><\/span><span class=\"title\">Is Annatto Oil (<a href=\"https:\/\/www.domesticgourmet.com\/es\/product\/aceite-de-achiote-ecologico\/\" target=\"_blank\" rel=\"noopener\" title=\"\">Aceite de Achiote<\/a>) spicy or hot?<\/span><\/div><div class=\"accordion-content\">\n<p>\u00a1En absoluto! El achiote a\u00f1ade un vibrante color dorado <strong>y un suave sabor terroso, no<\/strong>picante. Es perfecto para quienes desean profundidad de sabor sin picante.  <\/p>\n<\/div><\/div>\n\n\n\n<div class=\"accordion-item\"><div class=\"accordion-title\"><span class=\"accordion-icon\"><\/span><span class=\"title\">How long does it last, and how should I store it?<\/span><\/div><div class=\"accordion-content\">\n<p><a href=\"https:\/\/www.domesticgourmet.com\/es\/product\/aceite-de-achiote-ecologico\/\" target=\"_blank\" rel=\"noopener\" title=\"\">El aceite de achiote<\/a> es estable en los estantes y dura hasta <strong>12 meses<\/strong>. No es necesario refrigerarlo, pero puede ayudar a conservar su frescura una vez abierto. <\/p>\n<\/div><\/div>\n\n\n\n<div class=\"accordion-item\"><div class=\"accordion-title\"><span class=\"accordion-icon\"><\/span><span class=\"title\">Is it vegan and gluten-free?<\/span><\/div><div class=\"accordion-content\">\n<p>\u00a1S\u00ed! Nuestro <a href=\"https:\/\/www.domesticgourmet.com\/es\/product\/aceite-de-achiote-ecologico\/\" target=\"_blank\" rel=\"noopener\" title=\"\">aceite de achiote<\/a> es <strong>100% vegano, sin gluten y sin l\u00e1cteos<\/strong>, por lo que es un complemento perfecto para una gran variedad de estilos de vida diet\u00e9ticos. <\/p>\n<\/div><\/div>\n<\/div>\n<\/div>\n\n\n\n<div class=\"wp-block-column is-layout-flow wp-block-column-is-layout-flow\">\n<div class=\"wp-block-loftocean-shortcode-accordions lo-accordions accordions title-currentcolor\" data-open-default=\"0\">\n<div class=\"accordion-item\"><div class=\"accordion-title\"><span class=\"accordion-icon\"><\/span><span class=\"title\">What does Annatto Oil (<a href=\"https:\/\/www.domesticgourmet.com\/es\/product\/aceite-de-achiote-ecologico\/\" target=\"_blank\" rel=\"noopener\" title=\"\">Aceite de Achiote<\/a>) taste like?<\/span><\/div><div class=\"accordion-content\">\n<p><a href=\"https:\/\/www.domesticgourmet.com\/es\/product\/aceite-de-achiote-ecologico\/\" target=\"_blank\" rel=\"noopener\" title=\"\">El aceite de achiote<\/a> tiene un sabor <strong>suave a nuez<\/strong> con toques terrosos. <strong>No es picante<\/strong> y no dominar\u00e1 un plato: consid\u00e9ralo un elegante potenciador del sabor. <\/p>\n<\/div><\/div>\n\n\n\n<div class=\"accordion-item\"><div class=\"accordion-title\"><span class=\"accordion-icon\"><\/span><span class=\"title\">Is Annatto Oil (<a href=\"https:\/\/www.domesticgourmet.com\/es\/product\/aceite-de-achiote-ecologico\/\" target=\"_blank\" rel=\"noopener\" title=\"\">Aceite de Achiote<\/a>) healthy for me?<\/span><\/div><div class=\"accordion-content\">\n<p>\u00a1S\u00ed! <em><a href=\"https:\/\/www.domesticgourmet.com\/es\/product\/aceite-de-achiote-ecologico\/\" target=\"_blank\" rel=\"noopener\" title=\"\">Aceite de achiote Domestic Gourmet<\/a><\/em> se elabora con <strong>aceite de girasol ecol\u00f3gico alto oleico<\/strong>, apreciado por sus beneficios para la salud. El aceite de girasol alto oleico es: <\/p>\n\n\n\n<ul class=\"wp-block-list\">\n<li><strong>Rico en grasas monoinsaturadas cardiosaludables<\/strong> (similares al aceite de oliva)<\/li>\n\n\n\n<li><strong>Naturalmente bajo en grasas saturadas<\/strong><\/li>\n\n\n\n<li><strong>Alto contenido en vitamina E<\/strong>, un antioxidante que favorece la salud de la piel y el sistema inmunitario<\/li>\n\n\n\n<li><strong>Estable a altas temperaturas<\/strong>, por lo que es ideal para saltear y asar sin descomponerse en compuestos nocivos<\/li>\n<\/ul>\n\n\n\n<p>Combinado con las propiedades antioxidantes de <strong>las semillas de achiote, ricas en antioxidantes como los tocotrienoles (una forma de vitamina E)<\/strong>, conocidos por sus propiedades antiinflamatorias. Utilizamos como base <strong>aceite de alta calidad, cardiosaludable<\/strong>, perfecto para quienes buscan cocinar limpio sin sacrificar el sabor. Como con todos los aceites, la moderaci\u00f3n es clave, pero es una alternativa sabrosa y sana a las opciones muy procesadas.  <\/p>\n<\/div><\/div>\n\n\n\n<div class=\"accordion-item\"><div class=\"accordion-title\"><span class=\"accordion-icon\"><\/span><span class=\"title\">Is Domestic Gourmet Annatto Oil (<a href=\"https:\/\/www.domesticgourmet.com\/es\/product\/aceite-de-achiote-ecologico\/\" target=\"_blank\" rel=\"noopener\" title=\"\">Aceite de Achiote<\/a>) clean and natural?<\/span><\/div><div class=\"accordion-content\">\n<p>\u00a1S\u00ed! <em><a href=\"https:\/\/www.domesticgourmet.com\/es\/product\/aceite-de-achiote-ecologico\/\" target=\"_blank\" rel=\"noopener\" title=\"\">El aceite de achiote Domestic Gourmet<\/a><\/em> se elabora con <strong>ingredientes ecol\u00f3gicos y sencillos: s\u00f3lo<\/strong>aceite de girasol ecol\u00f3gico de alta calidad y alto contenido en \u00e1cido oleico, y semillas de achiote ecol\u00f3gicas de origen sostenible. Sin aditivos, sin colorantes artificiales y sin nada que no puedas pronunciar. <\/p>\n<\/div><\/div>\n\n\n\n<div class=\"accordion-item\"><div class=\"accordion-title\"><span class=\"accordion-icon\"><\/span><span class=\"title\">Does Annatto Oil (<a href=\"https:\/\/www.domesticgourmet.com\/es\/product\/aceite-de-achiote-ecologico\/\" target=\"_blank\" rel=\"noopener\" title=\"\">Aceite de Achiote<\/a>) stain cookware or clothing?<\/span><\/div><div class=\"accordion-content\">\n<p>El pigmento natural del achiote es vibrante, por lo que puede manchar tejidos claros o materiales porosos. Recomendamos utilizarlo con cuidado y limpiar r\u00e1pidamente cualquier derrame. <\/p>\n<\/div><\/div>\n\n\n\n<div class=\"accordion-item\"><div class=\"accordion-title\"><span class=\"accordion-icon\"><\/span><span class=\"title\">Why choose <em>Domestic Gourmet\u2019s<\/em> version?<\/span><\/div><div class=\"accordion-content\">\n<p>S\u00f3lo utilizamos <strong>ingredientes de primera calidad<\/strong> en infusiones de lotes peque\u00f1os y una receta arraigada en m\u00e9todos de cocina ancestrales. Nuestro <a href=\"https:\/\/www.domesticgourmet.com\/es\/product\/aceite-de-achiote-ecologico\/\" target=\"_blank\" rel=\"noopener\" title=\"\">aceite de achiote<\/a> honra <strong>nuestra herencia culinaria<\/strong> a la vez que proporciona <strong>una comodidad moderna<\/strong>, perfecta para que las familias modernas lo utilicen en comidas gourmet o cotidianas. <\/p>\n<\/div><\/div>\n<\/div>\n<\/div>\n<\/div>\n\n\n","protected":false},"excerpt":{"rendered":"","protected":false},"author":1,"featured_media":0,"parent":0,"menu_order":0,"comment_status":"closed","ping_status":"closed","template":"template-2-right-sidebar.php","meta":{"wprm-recipe-roundup-name":"","wprm-recipe-roundup-description":"","tinysalt_hide_before_page_content_ad":"","tinysalt_hide_after_page_content_ad":"","tinysalt_hide_page_header":"","tinysalt_advanced_classname":"","tinysalt_page_featured_media_position":"","tinysalt_single_site_header_source":"","tinysalt_single_custom_site_header":"0","tinysalt_single_custom_sticky_site_header":"0","tinysalt_single_custom_sticky_site_header_style":"sticky-scroll-up","tinysalt_single_site_footer_source":"","tinysalt_single_custom_site_footer":"0","footnotes":""},"class_list":["post-4666","page","type-page","status-publish","hentry"],"aioseo_notices":[],"_links":{"self":[{"href":"https:\/\/www.domesticgourmet.com\/es\/wp-json\/wp\/v2\/pages\/4666","targetHints":{"allow":["GET"]}}],"collection":[{"href":"https:\/\/www.domesticgourmet.com\/es\/wp-json\/wp\/v2\/pages"}],"about":[{"href":"https:\/\/www.domesticgourmet.com\/es\/wp-json\/wp\/v2\/types\/page"}],"author":[{"embeddable":true,"href":"https:\/\/www.domesticgourmet.com\/es\/wp-json\/wp\/v2\/users\/1"}],"replies":[{"embeddable":true,"href":"https:\/\/www.domesticgourmet.com\/es\/wp-json\/wp\/v2\/comments?post=4666"}],"version-history":[{"count":3,"href":"https:\/\/www.domesticgourmet.com\/es\/wp-json\/wp\/v2\/pages\/4666\/revisions"}],"predecessor-version":[{"id":4891,"href":"https:\/\/www.domesticgourmet.com\/es\/wp-json\/wp\/v2\/pages\/4666\/revisions\/4891"}],"wp:attachment":[{"href":"https:\/\/www.domesticgourmet.com\/es\/wp-json\/wp\/v2\/media?parent=4666"}],"curies":[{"name":"wp","href":"https:\/\/api.w.org\/{rel}","templated":true}]}}