{"id":4662,"date":"2025-05-18T21:51:28","date_gmt":"2025-05-19T02:51:28","guid":{"rendered":"https:\/\/www.domesticgourmet.com\/politica-de-envios\/"},"modified":"2025-05-30T12:13:16","modified_gmt":"2025-05-30T17:13:16","slug":"politica-de-envios","status":"publish","type":"page","link":"https:\/\/www.domesticgourmet.com\/es\/politica-de-envios\/","title":{"rendered":"Pol\u00edtica de env\u00edos"},"content":{"rendered":"\n<p>En <a href=\"http:\/\/www.domesticgourmet.com\" target=\"_blank\" rel=\"noopener\" title=\"\">Domestic Gourmet<\/a>, nos comprometemos a enviar y entregar tu<a href=\"https:\/\/www.domesticgourmet.com\/es\/product\/aceite-de-achiote-ecologico\/\" target=\"_blank\" rel=\"noopener\" title=\"\">Aceite de Achiote<\/a> <a href=\"https:\/\/www.domesticgourmet.com\/es\/product\/aceite-de-achiote-ecologico\/\" target=\"_blank\" rel=\"noopener\" title=\"\">Ecol\u00f3gico<\/a> de forma segura y eficaz para que puedas empezar a cocinar con coraz\u00f3n lo antes posible.<\/p>\n\n<h2 class=\"wp-block-heading\">Tiempo de procesamiento<\/h2>\n\n<p>Los pedidos se procesan en un plazo <strong>de 1-2 d\u00edas laborables<\/strong> tras la compra. Recibir\u00e1s un correo electr\u00f3nico de confirmaci\u00f3n una vez que se haya enviado tu pedido, incluida la informaci\u00f3n de seguimiento.<\/p>\n\n<h2 class=\"wp-block-heading\">Gastos de env\u00edo y plazos de entrega<\/h2>\n\n<ul class=\"wp-block-list\">\n<li><strong>Env\u00edo est\u00e1ndar<\/strong> <strong>dentro de Estados Unidos<\/strong> (3-7 d\u00edas laborables)<\/li>\n\n\n\n<li><strong>Env\u00edo est\u00e1ndar a Puerto Rico <\/strong>(6-10 d\u00edas laborables)<\/li>\n\n\n\n<li><strong>Env\u00edo gratuito<\/strong> en todos los pedidos superiores a 50 $ (s\u00f3lo en EE.UU.)<\/li>\n\n\n\n<li>Actualmente <strong>s\u00f3lo<\/strong> realizamos env\u00edos dentro de <strong>Estados Unidos y Puerto Rico<\/strong><\/li>\n<\/ul>\n\n<h2 class=\"wp-block-heading\">Entrega local<\/h2>\n\n<p><span style=\"box-sizing: border-box; margin: 0px; padding: 0px;\">Ofrecemos entrega local gratuita a minoristas y clientes mayoristas selectos de la zona de la Bah\u00eda de Tampa<\/span>. Ponte en contacto con nosotros directamente para coordinarlo.<\/p>\n\n<h2 class=\"wp-block-heading\">Transportistas<\/h2>\n\n<p>Enviamos a trav\u00e9s de transportistas de confianza como <strong><a href=\"https:\/\/www.usps.com\/\" target=\"_blank\" rel=\"noopener\" title=\"\">USPS<\/a>, <a href=\"https:\/\/www.ups.com\/us\/en\/home\" target=\"_blank\" rel=\"noopener\" title=\"\">UPS<\/a> y <a href=\"https:\/\/www.fedex.com\/\" target=\"_blank\" rel=\"noopener\" title=\"\">FedEx<\/a><\/strong>. Los plazos de env\u00edo pueden variar en funci\u00f3n de tu ubicaci\u00f3n y del transportista elegido.<\/p>\n\n<h2 class=\"wp-block-heading\">Problemas y seguimiento de pedidos<\/h2>\n\n<p>Si tu pedido llega da\u00f1ado o tienes alg\u00fan problema con el env\u00edo, ponte en contacto con nosotros en <strong>ciji@domesticgourmet.com<\/strong> en los 7 d\u00edas siguientes a la entrega. Estamos aqu\u00ed para hacerlo bien.<\/p>\n\n<h2 class=\"wp-block-heading\">Informaci\u00f3n de env\u00edo incorrecta<\/h2>\n\n<p>Comprueba tu direcci\u00f3n al realizar el pago. Domestic Gourmet no se hace responsable de los pedidos perdidos debido a datos de env\u00edo incorrectos o incompletos.<\/p>\n","protected":false},"excerpt":{"rendered":"<p>En Domestic Gourmet, nos comprometemos a enviar y entregar tuAceite de Achiote Ecol\u00f3gico de forma segura y eficaz para que puedas empezar a cocinar con coraz\u00f3n lo antes posible. Tiempo de procesamiento Los pedidos se procesan en un plazo de 1-2 d\u00edas laborables tras la compra. Recibir\u00e1s un correo electr\u00f3nico de confirmaci\u00f3n una vez que &#8230;<\/p>\n","protected":false},"author":1,"featured_media":0,"parent":0,"menu_order":0,"comment_status":"closed","ping_status":"closed","template":"","meta":{"wprm-recipe-roundup-name":"","wprm-recipe-roundup-description":"","tinysalt_hide_before_page_content_ad":"","tinysalt_hide_after_page_content_ad":"","tinysalt_hide_page_header":"","tinysalt_advanced_classname":"","tinysalt_page_featured_media_position":"","tinysalt_single_site_header_source":"","tinysalt_single_custom_site_header":"0","tinysalt_single_custom_sticky_site_header":"0","tinysalt_single_custom_sticky_site_header_style":"sticky-scroll-up","tinysalt_single_site_footer_source":"","tinysalt_single_custom_site_footer":"0","footnotes":""},"class_list":["post-4662","page","type-page","status-publish","hentry"],"aioseo_notices":[],"_links":{"self":[{"href":"https:\/\/www.domesticgourmet.com\/es\/wp-json\/wp\/v2\/pages\/4662","targetHints":{"allow":["GET"]}}],"collection":[{"href":"https:\/\/www.domesticgourmet.com\/es\/wp-json\/wp\/v2\/pages"}],"about":[{"href":"https:\/\/www.domesticgourmet.com\/es\/wp-json\/wp\/v2\/types\/page"}],"author":[{"embeddable":true,"href":"https:\/\/www.domesticgourmet.com\/es\/wp-json\/wp\/v2\/users\/1"}],"replies":[{"embeddable":true,"href":"https:\/\/www.domesticgourmet.com\/es\/wp-json\/wp\/v2\/comments?post=4662"}],"version-history":[{"count":1,"href":"https:\/\/www.domesticgourmet.com\/es\/wp-json\/wp\/v2\/pages\/4662\/revisions"}],"predecessor-version":[{"id":4663,"href":"https:\/\/www.domesticgourmet.com\/es\/wp-json\/wp\/v2\/pages\/4662\/revisions\/4663"}],"wp:attachment":[{"href":"https:\/\/www.domesticgourmet.com\/es\/wp-json\/wp\/v2\/media?parent=4662"}],"curies":[{"name":"wp","href":"https:\/\/api.w.org\/{rel}","templated":true}]}}