{"id":4658,"date":"2024-09-22T12:38:45","date_gmt":"2024-09-22T17:38:45","guid":{"rendered":"https:\/\/www.domesticgourmet.com\/devuelve\/"},"modified":"2025-05-30T12:08:54","modified_gmt":"2025-05-30T17:08:54","slug":"devuelve","status":"publish","type":"page","link":"https:\/\/www.domesticgourmet.com\/es\/devuelve\/","title":{"rendered":"Devuelve"},"content":{"rendered":"\n<p>Si de alg\u00fan modo no est\u00e1s satisfecho con tu compra, te invitamos a acogerte a nuestra Garant\u00eda de satisfacci\u00f3n. En Domestic Gourmet, creemos en la entrega de productos alimenticios especiales excepcionales y en una experiencia inolvidable para el cliente. Tu satisfacci\u00f3n es nuestra m\u00e1xima prioridad, \u00a1y queremos que te encante cada bocado!  <\/p>\n\n<h2 class=\"wp-block-heading has-text-align-center\">Garant\u00eda de satisfacci\u00f3n<\/h2>\n\n<p>Si no est\u00e1s absolutamente encantado con tu pedido, h\u00e1znoslo saber en un plazo de 30 d\u00edas tras la compra. Nos comprometemos a que tu experiencia con nosotros sea de cinco estrellas.<\/p>\n<h2 style=\"text-align: center;\">Proceso de devoluci\u00f3n<\/h2>\n\n<ol class=\"wp-block-list\">\n<li><strong><a href=\"https:\/\/www.domesticgourmet.com\/es\/contacta-con-nosotros\/\" target=\"_blank\" rel=\"noopener\" title=\"\">Ponte en contacto con nosotros:<\/a> <\/strong>Ponte en contacto con nuestro equipo de atenci\u00f3n al cliente en los 30 d\u00edas siguientes a la compra. Indica tu n\u00famero de pedido y una breve descripci\u00f3n del motivo por el que quieres devolver el producto. Agradecemos todos los comentarios, ya que s\u00f3lo nos ayudan a mejorar.<\/li>\n\n\n\n<li><strong>Instrucciones de devoluci\u00f3n: <\/strong>Una vez que hayamos recibido tu mensaje, te guiaremos a trav\u00e9s del proceso de devoluci\u00f3n y te daremos las instrucciones necesarias.<\/li>\n\n\n\n<li><strong>Recibir tu reembolso: <\/strong>Una vez que hayamos recibido el art\u00edculo devuelto (si procede), procesaremos tu reembolso r\u00e1pidamente. Por favor, espera de 5 a 7 d\u00edas laborables para que la transacci\u00f3n se refleje en tu cuenta.<\/li>\n<\/ol>\n<h2 style=\"text-align: center;\">Atenci\u00f3n<\/h2>\n\n<p class=\"has-text-align-left\">En Domestic Gourmet, nos dedicamos a proporcionarte una experiencia culinaria extraordinaria. Tu opini\u00f3n es inestimable; agradecemos la oportunidad de servirte mejor. Gracias por elegirnos, \u00a1y esperamos poder deleitar tus papilas gustativas en el futuro!<\/p>\n<h2 style=\"text-align: center;\">Env\u00edo de devoluciones sin abrir<\/h2>\n\n<p>Para devolver tu producto sin abrir, env\u00edalo por correo en su embalaje original a 35595 US Hwy 19 N. #529, Palm Harbor, FL 34684<\/p>\n<h2 style=\"text-align: center;\">\u00bfNecesitas ayuda?<\/h2>\n\n<p>Contacta con nosotros en ciji@domesticgourmet.com<\/p>\n\n\n","protected":false},"excerpt":{"rendered":"<p>Si de alg\u00fan modo no est\u00e1s satisfecho con tu compra, te invitamos a acogerte a nuestra Garant\u00eda de satisfacci\u00f3n. En Domestic Gourmet, creemos en la entrega de productos alimenticios especiales excepcionales y en una experiencia inolvidable para el cliente. Tu satisfacci\u00f3n es nuestra m\u00e1xima prioridad, \u00a1y queremos que te encante cada bocado! Garant\u00eda de satisfacci\u00f3n &#8230;<\/p>\n","protected":false},"author":1,"featured_media":3827,"parent":0,"menu_order":0,"comment_status":"closed","ping_status":"closed","template":"","meta":{"wprm-recipe-roundup-name":"","wprm-recipe-roundup-description":"","tinysalt_hide_before_page_content_ad":"","tinysalt_hide_after_page_content_ad":"","tinysalt_hide_page_header":"","tinysalt_advanced_classname":"","tinysalt_page_featured_media_position":"","tinysalt_single_site_header_source":"","tinysalt_single_custom_site_header":"0","tinysalt_single_custom_sticky_site_header":"0","tinysalt_single_custom_sticky_site_header_style":"sticky-scroll-up","tinysalt_single_site_footer_source":"","tinysalt_single_custom_site_footer":"0","footnotes":""},"class_list":["post-4658","page","type-page","status-publish","has-post-thumbnail","hentry"],"aioseo_notices":[],"_links":{"self":[{"href":"https:\/\/www.domesticgourmet.com\/es\/wp-json\/wp\/v2\/pages\/4658","targetHints":{"allow":["GET"]}}],"collection":[{"href":"https:\/\/www.domesticgourmet.com\/es\/wp-json\/wp\/v2\/pages"}],"about":[{"href":"https:\/\/www.domesticgourmet.com\/es\/wp-json\/wp\/v2\/types\/page"}],"author":[{"embeddable":true,"href":"https:\/\/www.domesticgourmet.com\/es\/wp-json\/wp\/v2\/users\/1"}],"replies":[{"embeddable":true,"href":"https:\/\/www.domesticgourmet.com\/es\/wp-json\/wp\/v2\/comments?post=4658"}],"version-history":[{"count":1,"href":"https:\/\/www.domesticgourmet.com\/es\/wp-json\/wp\/v2\/pages\/4658\/revisions"}],"predecessor-version":[{"id":4659,"href":"https:\/\/www.domesticgourmet.com\/es\/wp-json\/wp\/v2\/pages\/4658\/revisions\/4659"}],"wp:featuredmedia":[{"embeddable":true,"href":"https:\/\/www.domesticgourmet.com\/es\/wp-json\/wp\/v2\/media\/3827"}],"wp:attachment":[{"href":"https:\/\/www.domesticgourmet.com\/es\/wp-json\/wp\/v2\/media?parent=4658"}],"curies":[{"name":"wp","href":"https:\/\/api.w.org\/{rel}","templated":true}]}}