{"id":3821,"date":"2024-06-17T12:12:43","date_gmt":"2024-06-17T17:12:43","guid":{"rendered":"https:\/\/www.domesticgourmet.com\/carrito\/"},"modified":"2025-03-21T11:06:16","modified_gmt":"2025-03-21T16:06:16","slug":"carrito","status":"publish","type":"page","link":"https:\/\/www.domesticgourmet.com\/es\/carrito\/","title":{"rendered":"Carrito"},"content":{"rendered":"\n<div data-block-name=\"woocommerce\/cart\" class=\"wp-block-woocommerce-cart alignwide is-loading\">\n<div data-block-name=\"woocommerce\/filled-cart-block\" class=\"wp-block-woocommerce-filled-cart-block\">\n<div data-block-name=\"woocommerce\/cart-items-block\" class=\"wp-block-woocommerce-cart-items-block\">\n<div data-block-name=\"woocommerce\/cart-line-items-block\" class=\"wp-block-woocommerce-cart-line-items-block\"><\/div>\n\n\n\n<div data-block-name=\"woocommerce\/cart-cross-sells-block\" class=\"wp-block-woocommerce-cart-cross-sells-block\">\n<h2 class=\"wp-block-heading has-large-font-size\">You may be interested in\u2026<\/h2>\n\n\n\n<div data-block-name=\"woocommerce\/cart-cross-sells-products-block\" class=\"wp-block-woocommerce-cart-cross-sells-products-block\"><\/div>\n<\/div>\n<\/div>\n\n\n\n<div data-block-name=\"woocommerce\/cart-totals-block\" class=\"wp-block-woocommerce-cart-totals-block\">\n<div data-block-name=\"woocommerce\/cart-order-summary-block\" class=\"wp-block-woocommerce-cart-order-summary-block\">\n<div data-block-name=\"woocommerce\/cart-order-summary-heading-block\" class=\"wp-block-woocommerce-cart-order-summary-heading-block\"><\/div><div data-block-name=\"woocommerce\/cart-order-summary-coupon-form-block\" class=\"wp-block-woocommerce-cart-order-summary-coupon-form-block\"><\/div><div data-block-name=\"woocommerce\/cart-order-summary-totals-block\" class=\"wp-block-woocommerce-cart-order-summary-totals-block\">\n<div data-block-name=\"woocommerce\/cart-order-summary-subtotal-block\" class=\"wp-block-woocommerce-cart-order-summary-subtotal-block\"><\/div>\n<div data-block-name=\"woocommerce\/cart-order-summary-discount-block\" class=\"wp-block-woocommerce-cart-order-summary-discount-block\"><\/div>\n<div data-block-name=\"woocommerce\/cart-order-summary-fee-block\" class=\"wp-block-woocommerce-cart-order-summary-fee-block\"><\/div>\n<div data-block-name=\"woocommerce\/cart-order-summary-shipping-block\" class=\"wp-block-woocommerce-cart-order-summary-shipping-block\"><\/div>\n<div data-block-name=\"woocommerce\/cart-order-summary-taxes-block\" class=\"wp-block-woocommerce-cart-order-summary-taxes-block\"><\/div><\/div>\n<\/div>\n\n\n\n<div data-block-name=\"woocommerce\/cart-express-payment-block\" class=\"wp-block-woocommerce-cart-express-payment-block\"><\/div>\n\n\n\n<div data-block-name=\"woocommerce\/proceed-to-checkout-block\" class=\"wp-block-woocommerce-proceed-to-checkout-block\"><\/div>\n\n\n\n<div data-block-name=\"woocommerce\/cart-accepted-payment-methods-block\" class=\"wp-block-woocommerce-cart-accepted-payment-methods-block\"><\/div>\n<\/div>\n<\/div>\n\n\n\n<div data-block-name=\"woocommerce\/empty-cart-block\" class=\"wp-block-woocommerce-empty-cart-block\">\n<h2 class=\"wp-block-heading has-text-align-center with-empty-cart-icon wc-block-cart__empty-cart__title\">Your cart is currently empty!<\/h2>\n\n\n\n<hr class=\"wp-block-separator has-alpha-channel-opacity is-style-dots\"\/>\n\n\n\n<h2 class=\"wp-block-heading has-text-align-center\">New in store<\/h2>\n\n\n<div data-block-name=\"woocommerce\/product-new\" data-columns=\"4\" data-rows=\"1\" class=\"wc-block-grid wp-block-product-new wp-block-woocommerce-product-new wc-block-product-new has-4-columns\"><ul class=\"wc-block-grid__products\"><li class=\"wc-block-grid__product\">\n\t\t\t\t<a href=\"https:\/\/www.domesticgourmet.com\/es\/product\/box-set-gourmet-nacional-edicion-pasteles\/\" class=\"wc-block-grid__product-link\">\n\t\t\t\t\t\n\t\t\t\t\t<div class=\"wc-block-grid__product-image\"><img decoding=\"async\" width=\"300\" height=\"300\" src=\"https:\/\/www.domesticgourmet.com\/wp-content\/smush-webp\/2025\/10\/Queen-of-Noche-Buena-straight-300x300.jpeg.webp\" class=\"attachment-woocommerce_thumbnail size-woocommerce_thumbnail\" alt=\"Caja Regalo Reina de Nochebuena - Edici\u00f3n Pasteles\" srcset=\"https:\/\/www.domesticgourmet.com\/wp-content\/smush-webp\/2025\/10\/Queen-of-Noche-Buena-straight-300x300.jpeg.webp 300w, https:\/\/www.domesticgourmet.com\/wp-content\/smush-webp\/2025\/10\/Queen-of-Noche-Buena-straight-150x150.jpeg.webp 150w, https:\/\/www.domesticgourmet.com\/wp-content\/smush-webp\/2025\/10\/Queen-of-Noche-Buena-straight-500x500.jpeg.webp 500w, https:\/\/www.domesticgourmet.com\/wp-content\/smush-webp\/2025\/10\/Queen-of-Noche-Buena-straight-600x600.jpeg.webp 600w, https:\/\/www.domesticgourmet.com\/wp-content\/smush-webp\/2025\/10\/Queen-of-Noche-Buena-straight-100x100.jpeg.webp 100w\" sizes=\"(max-width: 300px) 100vw, 300px\" \/><\/div>\n\t\t\t\t\t<div class=\"wc-block-grid__product-title\">Box Set Gourmet Nacional: Edici\u00f3n Pasteles<\/div>\n\t\t\t\t<\/a>\n\t\t\t\t<div class=\"wc-block-grid__product-price price\"><span class=\"woocommerce-Price-amount amount\"><span class=\"woocommerce-Price-currencySymbol\">&#036;<\/span>50.00<\/span><\/div>\n\t\t\t\t\n\t\t\t\t<div class=\"wp-block-button wc-block-grid__product-add-to-cart\"><a href=\"\/es\/wp-json\/wp\/v2\/pages\/3821?add-to-cart=6952\" aria-label=\"A\u00f1adir al carrito: &ldquo;Box Set Gourmet Nacional: Edici\u00f3n Pasteles&rdquo;\" data-quantity=\"1\" data-product_id=\"6952\" data-product_sku=\"\" data-price=\"50\" rel=\"nofollow\" class=\"wp-block-button__link  add_to_cart_button ajax_add_to_cart\">A\u00f1adir al carrito<\/a><\/div>\n\t\t\t<\/li><li class=\"wc-block-grid__product\">\n\t\t\t\t<a href=\"https:\/\/www.domesticgourmet.com\/es\/product\/domestic-gourmet-caja-de-regalo\/\" class=\"wc-block-grid__product-link\">\n\t\t\t\t\t\n\t\t\t\t\t<div class=\"wc-block-grid__product-image\"><img decoding=\"async\" width=\"300\" height=\"300\" src=\"https:\/\/www.domesticgourmet.com\/wp-content\/smush-webp\/2025\/10\/Queen-of-Noche-Buena-Pic-300x300.jpg.webp\" class=\"attachment-woocommerce_thumbnail size-woocommerce_thumbnail\" alt=\"La Caja Regalo Reina de Noche Buena contiene Aceite de Achiote Ecol\u00f3gico Domestic Gourmet - Aceite de Achiote, Adobo Ecol\u00f3gico y Saz\u00f3n Ecol\u00f3gico\" srcset=\"https:\/\/www.domesticgourmet.com\/wp-content\/smush-webp\/2025\/10\/Queen-of-Noche-Buena-Pic-300x300.jpg.webp 300w, https:\/\/www.domesticgourmet.com\/wp-content\/smush-webp\/2025\/10\/Queen-of-Noche-Buena-Pic-150x150.jpg.webp 150w, https:\/\/www.domesticgourmet.com\/wp-content\/smush-webp\/2025\/10\/Queen-of-Noche-Buena-Pic-500x500.jpg.webp 500w, https:\/\/www.domesticgourmet.com\/wp-content\/smush-webp\/2025\/10\/Queen-of-Noche-Buena-Pic-600x600.jpg.webp 600w, https:\/\/www.domesticgourmet.com\/wp-content\/smush-webp\/2025\/10\/Queen-of-Noche-Buena-Pic-100x100.jpg.webp 100w\" sizes=\"(max-width: 300px) 100vw, 300px\" \/><\/div>\n\t\t\t\t\t<div class=\"wc-block-grid__product-title\">Domestic Gourmet Caja de Regalo<\/div>\n\t\t\t\t<\/a>\n\t\t\t\t<div class=\"wc-block-grid__product-price price\"><span class=\"woocommerce-Price-amount amount\"><span class=\"woocommerce-Price-currencySymbol\">&#036;<\/span>45.00<\/span><\/div>\n\t\t\t\t\n\t\t\t\t<div class=\"wp-block-button wc-block-grid__product-add-to-cart\"><a href=\"\/es\/wp-json\/wp\/v2\/pages\/3821?add-to-cart=6849\" aria-label=\"A\u00f1adir al carrito: &ldquo;Domestic Gourmet Caja de Regalo&rdquo;\" data-quantity=\"1\" data-product_id=\"6849\" data-product_sku=\"\" data-price=\"45\" rel=\"nofollow\" class=\"wp-block-button__link  add_to_cart_button ajax_add_to_cart\">A\u00f1adir al carrito<\/a><\/div>\n\t\t\t<\/li><li class=\"wc-block-grid__product\">\n\t\t\t\t<a href=\"https:\/\/www.domesticgourmet.com\/es\/product\/duo-de-adobo-organico-y-sazon-organico\/\" class=\"wc-block-grid__product-link\">\n\t\t\t\t\t\n\t\t\t\t\t<div class=\"wc-block-grid__product-image\"><img decoding=\"async\" width=\"300\" height=\"300\" src=\"https:\/\/www.domesticgourmet.com\/wp-content\/smush-webp\/2025\/12\/Spice-Duo-300x300.png.webp\" class=\"attachment-woocommerce_thumbnail size-woocommerce_thumbnail\" alt=\"D\u00fao de adobo org\u00e1nico y sazonador org\u00e1nico de Domestic Gourmet\" srcset=\"https:\/\/www.domesticgourmet.com\/wp-content\/smush-webp\/2025\/12\/Spice-Duo-300x300.png.webp 300w, https:\/\/www.domesticgourmet.com\/wp-content\/smush-webp\/2025\/12\/Spice-Duo-150x150.png.webp 150w, https:\/\/www.domesticgourmet.com\/wp-content\/smush-webp\/2025\/12\/Spice-Duo-500x500.png.webp 500w, https:\/\/www.domesticgourmet.com\/wp-content\/smush-webp\/2025\/12\/Spice-Duo-600x600.png.webp 600w, https:\/\/www.domesticgourmet.com\/wp-content\/smush-webp\/2025\/12\/Spice-Duo-100x100.png.webp 100w\" sizes=\"(max-width: 300px) 100vw, 300px\" \/><\/div>\n\t\t\t\t\t<div class=\"wc-block-grid__product-title\">D\u00fao de Adobo Org\u00e1nico y Saz\u00f3n Org\u00e1nico<\/div>\n\t\t\t\t<\/a>\n\t\t\t\t<div class=\"wc-block-grid__product-price price\"><span class=\"woocommerce-Price-amount amount\"><span class=\"woocommerce-Price-currencySymbol\">&#036;<\/span>20.00<\/span><\/div>\n\t\t\t\t\n\t\t\t\t<div class=\"wp-block-button wc-block-grid__product-add-to-cart\"><a href=\"\/es\/wp-json\/wp\/v2\/pages\/3821?add-to-cart=6791\" aria-label=\"A\u00f1adir al carrito: &ldquo;D\u00fao de Adobo Org\u00e1nico y Saz\u00f3n Org\u00e1nico&rdquo;\" data-quantity=\"1\" data-product_id=\"6791\" data-product_sku=\"\" data-price=\"20\" rel=\"nofollow\" class=\"wp-block-button__link  add_to_cart_button ajax_add_to_cart\">A\u00f1adir al carrito<\/a><\/div>\n\t\t\t<\/li><li class=\"wc-block-grid__product\">\n\t\t\t\t<a href=\"https:\/\/www.domesticgourmet.com\/es\/product\/caja-regalo-reina-de-noche-buena\/\" class=\"wc-block-grid__product-link\">\n\t\t\t\t\t\n\t\t\t\t\t<div class=\"wc-block-grid__product-image\"><img decoding=\"async\" width=\"300\" height=\"300\" src=\"https:\/\/www.domesticgourmet.com\/wp-content\/smush-webp\/2025\/10\/Queen-of-Noche-Buena-Pic-300x300.jpg.webp\" class=\"attachment-woocommerce_thumbnail size-woocommerce_thumbnail\" alt=\"La Caja Regalo Reina de Noche Buena contiene Aceite de Achiote Ecol\u00f3gico Domestic Gourmet - Aceite de Achiote, Adobo Ecol\u00f3gico y Saz\u00f3n Ecol\u00f3gico\" srcset=\"https:\/\/www.domesticgourmet.com\/wp-content\/smush-webp\/2025\/10\/Queen-of-Noche-Buena-Pic-300x300.jpg.webp 300w, https:\/\/www.domesticgourmet.com\/wp-content\/smush-webp\/2025\/10\/Queen-of-Noche-Buena-Pic-150x150.jpg.webp 150w, https:\/\/www.domesticgourmet.com\/wp-content\/smush-webp\/2025\/10\/Queen-of-Noche-Buena-Pic-500x500.jpg.webp 500w, https:\/\/www.domesticgourmet.com\/wp-content\/smush-webp\/2025\/10\/Queen-of-Noche-Buena-Pic-600x600.jpg.webp 600w, https:\/\/www.domesticgourmet.com\/wp-content\/smush-webp\/2025\/10\/Queen-of-Noche-Buena-Pic-100x100.jpg.webp 100w\" sizes=\"(max-width: 300px) 100vw, 300px\" \/><\/div>\n\t\t\t\t\t<div class=\"wc-block-grid__product-title\">Caja regalo Reina de Noche Buena<\/div>\n\t\t\t\t<\/a>\n\t\t\t\t<div class=\"wc-block-grid__product-price price\"><span class=\"woocommerce-Price-amount amount\"><span class=\"woocommerce-Price-currencySymbol\">&#036;<\/span>50.85<\/span><\/div>\n\t\t\t\t\n\t\t\t\t<div class=\"wp-block-button wc-block-grid__product-add-to-cart\"><a href=\"\/es\/wp-json\/wp\/v2\/pages\/3821?add-to-cart=5939\" aria-label=\"A\u00f1adir al carrito: &ldquo;Caja regalo Reina de Noche Buena&rdquo;\" data-quantity=\"1\" data-product_id=\"5939\" data-product_sku=\"\" data-price=\"50.85\" rel=\"nofollow\" class=\"wp-block-button__link  add_to_cart_button ajax_add_to_cart\">A\u00f1adir al carrito<\/a><\/div>\n\t\t\t<\/li><\/ul><\/div><\/div>\n<\/div>\n","protected":false},"excerpt":{"rendered":"","protected":false},"author":1,"featured_media":0,"parent":0,"menu_order":0,"comment_status":"closed","ping_status":"closed","template":"","meta":{"wprm-recipe-roundup-name":"","wprm-recipe-roundup-description":"","tinysalt_hide_before_page_content_ad":"","tinysalt_hide_after_page_content_ad":"","tinysalt_hide_page_header":"","tinysalt_advanced_classname":"","tinysalt_page_featured_media_position":"","tinysalt_single_site_header_source":"","tinysalt_single_custom_site_header":"0","tinysalt_single_custom_sticky_site_header":"0","tinysalt_single_custom_sticky_site_header_style":"sticky-scroll-up","tinysalt_single_site_footer_source":"","tinysalt_single_custom_site_footer":"0","footnotes":""},"class_list":["post-3821","page","type-page","status-publish","hentry"],"aioseo_notices":[],"_links":{"self":[{"href":"https:\/\/www.domesticgourmet.com\/es\/wp-json\/wp\/v2\/pages\/3821","targetHints":{"allow":["GET"]}}],"collection":[{"href":"https:\/\/www.domesticgourmet.com\/es\/wp-json\/wp\/v2\/pages"}],"about":[{"href":"https:\/\/www.domesticgourmet.com\/es\/wp-json\/wp\/v2\/types\/page"}],"author":[{"embeddable":true,"href":"https:\/\/www.domesticgourmet.com\/es\/wp-json\/wp\/v2\/users\/1"}],"replies":[{"embeddable":true,"href":"https:\/\/www.domesticgourmet.com\/es\/wp-json\/wp\/v2\/comments?post=3821"}],"version-history":[{"count":0,"href":"https:\/\/www.domesticgourmet.com\/es\/wp-json\/wp\/v2\/pages\/3821\/revisions"}],"wp:attachment":[{"href":"https:\/\/www.domesticgourmet.com\/es\/wp-json\/wp\/v2\/media?parent=3821"}],"curies":[{"name":"wp","href":"https:\/\/api.w.org\/{rel}","templated":true}]}}